{"id":67,"date":"2017-11-30T21:42:36","date_gmt":"2017-11-30T20:42:36","guid":{"rendered":"http:\/\/sternenspiel.de\/shop\/?post_type=product&#038;p=67"},"modified":"2025-12-23T17:12:39","modified_gmt":"2025-12-23T16:12:39","slug":"blumenfee-mit-rosenstab-kopie-2","status":"publish","type":"product","link":"https:\/\/sternenspiel.de\/?product=blumenfee-mit-rosenstab-kopie-2","title":{"rendered":"Blumenelfe mit Kind"},"content":{"rendered":"<p>handgefertigt, aus M\u00e4rchenwolle (100% Schafwolle), Arme bei Elfe und Kind biegsam (Draht innenliegend\/Pfeifenputzer)<\/p>\n<p><em>Die Figur wird in reiner Handarbeit gefertigt. Deshalb ist jede Figur ein Unikat und kann leichte Abweichungen vom aufgef\u00fchrten Bild haben.<\/em><\/p>\n","protected":false},"excerpt":{"rendered":"<p>Blumenelfe mit Kind, violett-wei\u00df, mit violetten Bl\u00fcten im Haarkranz, h\u00e4ngend<\/p>\n","protected":false},"featured_media":189,"template":"","meta":[],"product_cat":[30,31,29,36,32,25,43,37],"product_tag":[],"aioseo_notices":[],"_links":{"self":[{"href":"https:\/\/sternenspiel.de\/index.php?rest_route=\/wp\/v2\/product\/67"}],"collection":[{"href":"https:\/\/sternenspiel.de\/index.php?rest_route=\/wp\/v2\/product"}],"about":[{"href":"https:\/\/sternenspiel.de\/index.php?rest_route=\/wp\/v2\/types\/product"}],"wp:featuredmedia":[{"embeddable":true,"href":"https:\/\/sternenspiel.de\/index.php?rest_route=\/wp\/v2\/media\/189"}],"wp:attachment":[{"href":"https:\/\/sternenspiel.de\/index.php?rest_route=%2Fwp%2Fv2%2Fmedia&parent=67"}],"wp:term":[{"taxonomy":"product_cat","embeddable":true,"href":"https:\/\/sternenspiel.de\/index.php?rest_route=%2Fwp%2Fv2%2Fproduct_cat&post=67"},{"taxonomy":"product_tag","embeddable":true,"href":"https:\/\/sternenspiel.de\/index.php?rest_route=%2Fwp%2Fv2%2Fproduct_tag&post=67"}],"curies":[{"name":"wp","href":"https:\/\/api.w.org\/{rel}","templated":true}]}}