{"id":66,"date":"2017-11-30T21:42:18","date_gmt":"2017-11-30T20:42:18","guid":{"rendered":"http:\/\/sternenspiel.de\/shop\/?post_type=product&#038;p=66"},"modified":"2025-12-23T17:13:14","modified_gmt":"2025-12-23T16:13:14","slug":"blumenfee-mit-rosenstab-kopie","status":"publish","type":"product","link":"https:\/\/sternenspiel.de\/?product=blumenfee-mit-rosenstab-kopie","title":{"rendered":"Blumenfee mit Rosenzweig"},"content":{"rendered":"<p>handgefertigt, aus M\u00e4rchenwolle (100% Schafwolle), Arme biegsam (Draht innenliegend\/Pfeifenputzer), echter Zweig, Bl\u00fcten angen\u00e4ht<\/p>\n<p><em>Die Figur wird in reiner Handarbeit gefertigt. Deshalb ist jede Figur ein Unikat und kann leichte Abweichungen vom aufgef\u00fchrten Bild haben.<\/em><\/p>\n","protected":false},"excerpt":{"rendered":"<p>Rosenm\u00e4dchen mit Bl\u00fctenzweig, blonde Haare mit Zopf, rote Bl\u00fcten, L\u00e4nge ca. 19cm, h\u00e4ngend<\/p>\n","protected":false},"featured_media":207,"template":"","meta":[],"product_cat":[30,36,32,19,44,37],"product_tag":[],"aioseo_notices":[],"_links":{"self":[{"href":"https:\/\/sternenspiel.de\/index.php?rest_route=\/wp\/v2\/product\/66"}],"collection":[{"href":"https:\/\/sternenspiel.de\/index.php?rest_route=\/wp\/v2\/product"}],"about":[{"href":"https:\/\/sternenspiel.de\/index.php?rest_route=\/wp\/v2\/types\/product"}],"wp:featuredmedia":[{"embeddable":true,"href":"https:\/\/sternenspiel.de\/index.php?rest_route=\/wp\/v2\/media\/207"}],"wp:attachment":[{"href":"https:\/\/sternenspiel.de\/index.php?rest_route=%2Fwp%2Fv2%2Fmedia&parent=66"}],"wp:term":[{"taxonomy":"product_cat","embeddable":true,"href":"https:\/\/sternenspiel.de\/index.php?rest_route=%2Fwp%2Fv2%2Fproduct_cat&post=66"},{"taxonomy":"product_tag","embeddable":true,"href":"https:\/\/sternenspiel.de\/index.php?rest_route=%2Fwp%2Fv2%2Fproduct_tag&post=66"}],"curies":[{"name":"wp","href":"https:\/\/api.w.org\/{rel}","templated":true}]}}