{"id":527,"date":"2019-03-29T21:19:06","date_gmt":"2019-03-29T20:19:06","guid":{"rendered":"http:\/\/sternenspiel.de\/?post_type=product&#038;p=527"},"modified":"2025-12-23T17:00:31","modified_gmt":"2025-12-23T16:00:31","slug":"zwerg-mit-pfeife","status":"publish","type":"product","link":"https:\/\/sternenspiel.de\/?product=zwerg-mit-pfeife","title":{"rendered":"Zwerg mit Pfeife"},"content":{"rendered":"<p>handgefertigt, aus M\u00e4rchenwolle (100% Schafwolle), Arme und Beine biegsam (Draht innenliegend\/Pfeifenputzer), h\u00e4lt eine Pfeife (&#8222;Eichelh\u00fctchen&#8220;), Marienk\u00e4fer aus Holz<\/p>\n<p><em>Die Figur wird in reiner Handarbeit gefertigt. Deshalb ist jede Figur ein Unikat und kann leichte Abweichungen vom aufgef\u00fchrten Bild haben.<\/em><\/p>\n","protected":false},"excerpt":{"rendered":"<p>sitzend, L\u00e4nge sitzend ca. 12 cm<\/p>\n","protected":false},"featured_media":519,"template":"","meta":[],"product_cat":[36,18,38,39,37,46],"product_tag":[],"aioseo_notices":[],"_links":{"self":[{"href":"https:\/\/sternenspiel.de\/index.php?rest_route=\/wp\/v2\/product\/527"}],"collection":[{"href":"https:\/\/sternenspiel.de\/index.php?rest_route=\/wp\/v2\/product"}],"about":[{"href":"https:\/\/sternenspiel.de\/index.php?rest_route=\/wp\/v2\/types\/product"}],"wp:featuredmedia":[{"embeddable":true,"href":"https:\/\/sternenspiel.de\/index.php?rest_route=\/wp\/v2\/media\/519"}],"wp:attachment":[{"href":"https:\/\/sternenspiel.de\/index.php?rest_route=%2Fwp%2Fv2%2Fmedia&parent=527"}],"wp:term":[{"taxonomy":"product_cat","embeddable":true,"href":"https:\/\/sternenspiel.de\/index.php?rest_route=%2Fwp%2Fv2%2Fproduct_cat&post=527"},{"taxonomy":"product_tag","embeddable":true,"href":"https:\/\/sternenspiel.de\/index.php?rest_route=%2Fwp%2Fv2%2Fproduct_tag&post=527"}],"curies":[{"name":"wp","href":"https:\/\/api.w.org\/{rel}","templated":true}]}}