{"id":525,"date":"2019-03-29T21:14:16","date_gmt":"2019-03-29T20:14:16","guid":{"rendered":"http:\/\/sternenspiel.de\/?post_type=product&#038;p=525"},"modified":"2025-12-23T17:00:51","modified_gmt":"2025-12-23T16:00:51","slug":"erdbeerkind","status":"publish","type":"product","link":"https:\/\/sternenspiel.de\/?product=erdbeerkind","title":{"rendered":"Erdbeerkind"},"content":{"rendered":"<p>handgefertigt, aus M\u00e4rchenwolle (100% Schafwolle), Arme und Beine biegsam (Draht innenliegend\/Pfeifenputzer), tr\u00e4gt eine Schale (&#8222;Eichelh\u00fctchen&#8220;) mit Erdbeeren und Bl\u00fcte (handgefilzt)<\/p>\n<p><em>Die Figur wird in reiner Handarbeit gefertigt. Deshalb ist jede Figur ein Unikat und kann leichte Abweichungen vom aufgef\u00fchrten Bild haben.<\/em><\/p>\n","protected":false},"excerpt":{"rendered":"<p>sitzend, L\u00e4nge sitzend ca. 12 cm<\/p>\n","protected":false},"featured_media":518,"template":"","meta":[],"product_cat":[21,36,18,19,44,39,37],"product_tag":[],"aioseo_notices":[],"_links":{"self":[{"href":"https:\/\/sternenspiel.de\/index.php?rest_route=\/wp\/v2\/product\/525"}],"collection":[{"href":"https:\/\/sternenspiel.de\/index.php?rest_route=\/wp\/v2\/product"}],"about":[{"href":"https:\/\/sternenspiel.de\/index.php?rest_route=\/wp\/v2\/types\/product"}],"wp:featuredmedia":[{"embeddable":true,"href":"https:\/\/sternenspiel.de\/index.php?rest_route=\/wp\/v2\/media\/518"}],"wp:attachment":[{"href":"https:\/\/sternenspiel.de\/index.php?rest_route=%2Fwp%2Fv2%2Fmedia&parent=525"}],"wp:term":[{"taxonomy":"product_cat","embeddable":true,"href":"https:\/\/sternenspiel.de\/index.php?rest_route=%2Fwp%2Fv2%2Fproduct_cat&post=525"},{"taxonomy":"product_tag","embeddable":true,"href":"https:\/\/sternenspiel.de\/index.php?rest_route=%2Fwp%2Fv2%2Fproduct_tag&post=525"}],"curies":[{"name":"wp","href":"https:\/\/api.w.org\/{rel}","templated":true}]}}