{"id":522,"date":"2019-03-29T21:10:49","date_gmt":"2019-03-29T20:10:49","guid":{"rendered":"http:\/\/sternenspiel.de\/?post_type=product&#038;p=522"},"modified":"2025-12-23T17:01:12","modified_gmt":"2025-12-23T16:01:12","slug":"zwerg-mit-giesskaennchen-kopie","status":"publish","type":"product","link":"https:\/\/sternenspiel.de\/?product=zwerg-mit-giesskaennchen-kopie","title":{"rendered":"Zwerg mit H\u00e4schen"},"content":{"rendered":"<p>handgefertigt, aus M\u00e4rchenwolle (100% Schafwolle), Arme und Beine biegsam (Draht innenliegend\/Pfeifenputzer), rote gelockte Haare\/Bart, Zipfelm\u00fctze (handgefilzt), H\u00e4schen auf dem Scho\u00df<\/p>\n<p><em>Die Figur wird in reiner Handarbeit gefertigt. Deshalb ist jede Figur ein Unikat und kann leichte Abweichungen vom aufgef\u00fchrten Bild haben.<\/em><\/p>\n","protected":false},"excerpt":{"rendered":"<p>sitzend, L\u00e4nge sitzend ca. 12 cm<\/p>\n","protected":false},"featured_media":520,"template":"","meta":[],"product_cat":[36,18,38,39,37,46],"product_tag":[],"aioseo_notices":[],"_links":{"self":[{"href":"https:\/\/sternenspiel.de\/index.php?rest_route=\/wp\/v2\/product\/522"}],"collection":[{"href":"https:\/\/sternenspiel.de\/index.php?rest_route=\/wp\/v2\/product"}],"about":[{"href":"https:\/\/sternenspiel.de\/index.php?rest_route=\/wp\/v2\/types\/product"}],"wp:featuredmedia":[{"embeddable":true,"href":"https:\/\/sternenspiel.de\/index.php?rest_route=\/wp\/v2\/media\/520"}],"wp:attachment":[{"href":"https:\/\/sternenspiel.de\/index.php?rest_route=%2Fwp%2Fv2%2Fmedia&parent=522"}],"wp:term":[{"taxonomy":"product_cat","embeddable":true,"href":"https:\/\/sternenspiel.de\/index.php?rest_route=%2Fwp%2Fv2%2Fproduct_cat&post=522"},{"taxonomy":"product_tag","embeddable":true,"href":"https:\/\/sternenspiel.de\/index.php?rest_route=%2Fwp%2Fv2%2Fproduct_tag&post=522"}],"curies":[{"name":"wp","href":"https:\/\/api.w.org\/{rel}","templated":true}]}}