{"id":52,"date":"2017-11-30T19:39:40","date_gmt":"2017-11-30T18:39:40","guid":{"rendered":"http:\/\/sternenspiel.de\/shop\/?post_type=product&#038;p=52"},"modified":"2025-12-23T17:13:29","modified_gmt":"2025-12-23T16:13:29","slug":"engel-gross","status":"publish","type":"product","link":"https:\/\/sternenspiel.de\/?product=engel-gross","title":{"rendered":"Sternenengel mit Perlen"},"content":{"rendered":"<p>handgefertigt, aus M\u00e4rchenwolle (100% Schafwolle), Arme biegsam (Draht innenliegend\/Pfeifenputzer), Stern auf dem Kopf aus Bastelfilz, Perlen aus Kunststoff (matt, wei\u00df), Brustkreuz aus Silberband, Fl\u00fcgel aus echten Federn<\/p>\n<p><em>Die Figur wird in reiner Handarbeit gefertigt. Deshalb ist jede Figur ein Unikat und kann leichte Abweichungen vom aufgef\u00fchrten Bild haben.<\/em><\/p>\n","protected":false},"excerpt":{"rendered":"<p>Sternenengel, wei\u00df, mit Feder-Fl\u00fcgeln und Perlenkette in der Hand, Brustkreuz silbern, L\u00e4nge ca. 15cm, h\u00e4ngend<\/p>\n","protected":false},"featured_media":209,"template":"","meta":[],"product_cat":[17,32,24,35,22],"product_tag":[],"aioseo_notices":[],"_links":{"self":[{"href":"https:\/\/sternenspiel.de\/index.php?rest_route=\/wp\/v2\/product\/52"}],"collection":[{"href":"https:\/\/sternenspiel.de\/index.php?rest_route=\/wp\/v2\/product"}],"about":[{"href":"https:\/\/sternenspiel.de\/index.php?rest_route=\/wp\/v2\/types\/product"}],"wp:featuredmedia":[{"embeddable":true,"href":"https:\/\/sternenspiel.de\/index.php?rest_route=\/wp\/v2\/media\/209"}],"wp:attachment":[{"href":"https:\/\/sternenspiel.de\/index.php?rest_route=%2Fwp%2Fv2%2Fmedia&parent=52"}],"wp:term":[{"taxonomy":"product_cat","embeddable":true,"href":"https:\/\/sternenspiel.de\/index.php?rest_route=%2Fwp%2Fv2%2Fproduct_cat&post=52"},{"taxonomy":"product_tag","embeddable":true,"href":"https:\/\/sternenspiel.de\/index.php?rest_route=%2Fwp%2Fv2%2Fproduct_tag&post=52"}],"curies":[{"name":"wp","href":"https:\/\/api.w.org\/{rel}","templated":true}]}}