{"id":517,"date":"2019-03-29T21:07:07","date_gmt":"2019-03-29T20:07:07","guid":{"rendered":"http:\/\/sternenspiel.de\/?post_type=product&#038;p=517"},"modified":"2025-12-23T17:01:37","modified_gmt":"2025-12-23T16:01:37","slug":"meereskind","status":"publish","type":"product","link":"https:\/\/sternenspiel.de\/?product=meereskind","title":{"rendered":"Meereskind"},"content":{"rendered":"<p>handgefertigt, aus M\u00e4rchenwolle (100% Schafwolle), Arme und Beine biegsam (Draht innenliegend\/Pfeifenputzer),wei\u00df gelockte Haare, h\u00e4lt eine ge\u00f6ffnete Muschel mit Perle in den H\u00e4nden, kleine Muscheln auf den Kleid (echte Nordseemuscheln)<\/p>\n<p><em>Die Figur wird in reiner Handarbeit gefertigt. Deshalb ist jede Figur ein Unikat und kann leichte Abweichungen vom aufgef\u00fchrten Bild haben.<\/em><\/p>\n","protected":false},"excerpt":{"rendered":"<p>h\u00e4ngend, L\u00e4nge ca. 12 cm<\/p>\n","protected":false},"featured_media":493,"template":"","meta":[],"product_cat":[41,32,19,37,27],"product_tag":[],"aioseo_notices":[],"_links":{"self":[{"href":"https:\/\/sternenspiel.de\/index.php?rest_route=\/wp\/v2\/product\/517"}],"collection":[{"href":"https:\/\/sternenspiel.de\/index.php?rest_route=\/wp\/v2\/product"}],"about":[{"href":"https:\/\/sternenspiel.de\/index.php?rest_route=\/wp\/v2\/types\/product"}],"wp:featuredmedia":[{"embeddable":true,"href":"https:\/\/sternenspiel.de\/index.php?rest_route=\/wp\/v2\/media\/493"}],"wp:attachment":[{"href":"https:\/\/sternenspiel.de\/index.php?rest_route=%2Fwp%2Fv2%2Fmedia&parent=517"}],"wp:term":[{"taxonomy":"product_cat","embeddable":true,"href":"https:\/\/sternenspiel.de\/index.php?rest_route=%2Fwp%2Fv2%2Fproduct_cat&post=517"},{"taxonomy":"product_tag","embeddable":true,"href":"https:\/\/sternenspiel.de\/index.php?rest_route=%2Fwp%2Fv2%2Fproduct_tag&post=517"}],"curies":[{"name":"wp","href":"https:\/\/api.w.org\/{rel}","templated":true}]}}