{"id":479,"date":"2019-03-29T20:16:03","date_gmt":"2019-03-29T19:16:03","guid":{"rendered":"http:\/\/sternenspiel.de\/?post_type=product&#038;p=479"},"modified":"2025-12-23T17:03:58","modified_gmt":"2025-12-23T16:03:58","slug":"479","status":"publish","type":"product","link":"https:\/\/sternenspiel.de\/?product=479","title":{"rendered":"Engel, Sankt Michael"},"content":{"rendered":"<p>Engel h\u00e4ngend<\/p>\n","protected":false},"excerpt":{"rendered":"<p>handgefertigt, aus M\u00e4rchenwolle (100% Schafwolle), Arme biegsam (Draht innenliegend\/Pfeifenputzer), tr\u00e4gt eine Schale (&#8222;Eichelh\u00fctchen&#8220;) mit Gold und ein Schwert aus \u00c4stchen (golden angemalt).<\/p>\n<p><em>Die Figur wird in reiner Handarbeit gefertigt. Deshalb ist jede Figur ein Unikat und kann leichte Abweichungen vom aufgef\u00fchrten Bild haben.<\/em><\/p>\n","protected":false},"featured_media":458,"template":"","meta":[],"product_cat":[17,32,35,22],"product_tag":[],"aioseo_notices":[],"_links":{"self":[{"href":"https:\/\/sternenspiel.de\/index.php?rest_route=\/wp\/v2\/product\/479"}],"collection":[{"href":"https:\/\/sternenspiel.de\/index.php?rest_route=\/wp\/v2\/product"}],"about":[{"href":"https:\/\/sternenspiel.de\/index.php?rest_route=\/wp\/v2\/types\/product"}],"wp:featuredmedia":[{"embeddable":true,"href":"https:\/\/sternenspiel.de\/index.php?rest_route=\/wp\/v2\/media\/458"}],"wp:attachment":[{"href":"https:\/\/sternenspiel.de\/index.php?rest_route=%2Fwp%2Fv2%2Fmedia&parent=479"}],"wp:term":[{"taxonomy":"product_cat","embeddable":true,"href":"https:\/\/sternenspiel.de\/index.php?rest_route=%2Fwp%2Fv2%2Fproduct_cat&post=479"},{"taxonomy":"product_tag","embeddable":true,"href":"https:\/\/sternenspiel.de\/index.php?rest_route=%2Fwp%2Fv2%2Fproduct_tag&post=479"}],"curies":[{"name":"wp","href":"https:\/\/api.w.org\/{rel}","templated":true}]}}