{"id":420,"date":"2017-12-31T13:53:18","date_gmt":"2017-12-31T12:53:18","guid":{"rendered":"http:\/\/sternenspiel.de\/?post_type=product&#038;p=420"},"modified":"2025-12-23T17:05:56","modified_gmt":"2025-12-23T16:05:56","slug":"afrikanisches-maedchen-mit-kind","status":"publish","type":"product","link":"https:\/\/sternenspiel.de\/?product=afrikanisches-maedchen-mit-kind","title":{"rendered":"Afrikanisches M\u00e4dchen mit Kind"},"content":{"rendered":"<p>handgefertigt, aus M\u00e4rchenwolle (100% Schafwolle), Arme biegsam (Draht innenliegend\/Pfeifenputzer), tr\u00e4gt eine Schale (&#8222;Eichelh\u00fctchen&#8220;) mit wei\u00dfen K\u00f6rner,\u00a0 Baby mit Armen.<\/p>\n<p><em>Die Figur wird in reiner Handarbeit gefertigt. Deshalb ist jede Figur ein Unikat und kann leichte Abweichungen vom aufgef\u00fchrten Bild haben.<\/em><\/p>\n","protected":false},"excerpt":{"rendered":"<p>Afrikanisches M\u00e4dchen mit Kind im Tragetuch auf dem R\u00fccken und Schale mit K\u00f6rnern in den H\u00e4nden, L\u00e4nge ca. 17cm, h\u00e4ngend<\/p>\n","protected":false},"featured_media":394,"template":"","meta":[],"product_cat":[32,25,43,37],"product_tag":[],"aioseo_notices":[],"_links":{"self":[{"href":"https:\/\/sternenspiel.de\/index.php?rest_route=\/wp\/v2\/product\/420"}],"collection":[{"href":"https:\/\/sternenspiel.de\/index.php?rest_route=\/wp\/v2\/product"}],"about":[{"href":"https:\/\/sternenspiel.de\/index.php?rest_route=\/wp\/v2\/types\/product"}],"wp:featuredmedia":[{"embeddable":true,"href":"https:\/\/sternenspiel.de\/index.php?rest_route=\/wp\/v2\/media\/394"}],"wp:attachment":[{"href":"https:\/\/sternenspiel.de\/index.php?rest_route=%2Fwp%2Fv2%2Fmedia&parent=420"}],"wp:term":[{"taxonomy":"product_cat","embeddable":true,"href":"https:\/\/sternenspiel.de\/index.php?rest_route=%2Fwp%2Fv2%2Fproduct_cat&post=420"},{"taxonomy":"product_tag","embeddable":true,"href":"https:\/\/sternenspiel.de\/index.php?rest_route=%2Fwp%2Fv2%2Fproduct_tag&post=420"}],"curies":[{"name":"wp","href":"https:\/\/api.w.org\/{rel}","templated":true}]}}