{"id":251,"date":"2017-12-02T19:15:34","date_gmt":"2017-12-02T18:15:34","guid":{"rendered":"http:\/\/sternenspiel.de\/?post_type=product&#038;p=251"},"modified":"2025-12-23T17:09:05","modified_gmt":"2025-12-23T16:09:05","slug":"gartenfee","status":"publish","type":"product","link":"https:\/\/sternenspiel.de\/?product=gartenfee","title":{"rendered":"Blumenm\u00e4dchen"},"content":{"rendered":"<p>handgefertigt, aus M\u00e4rchenwolle (100% Schafwolle), Arme biegsam (Draht innenliegend\/Pfeifenputzer)<\/p>\n<p><em>Die Figur wird in reiner Handarbeit gefertigt. Deshalb ist jede Figur ein Unikat und kann leichte Abweichungen vom aufgef\u00fchrten Bild haben.<\/em><\/p>\n","protected":false},"excerpt":{"rendered":"<p>Blumenm\u00e4dchen, gr\u00fcn mit rosafarbenen Bl\u00fcten, blonde Haare, L\u00e4nge ca.18cm, h\u00e4ngend<\/p>\n","protected":false},"featured_media":191,"template":"","meta":[],"product_cat":[30,36,18,32,19,43,37],"product_tag":[],"aioseo_notices":[],"_links":{"self":[{"href":"https:\/\/sternenspiel.de\/index.php?rest_route=\/wp\/v2\/product\/251"}],"collection":[{"href":"https:\/\/sternenspiel.de\/index.php?rest_route=\/wp\/v2\/product"}],"about":[{"href":"https:\/\/sternenspiel.de\/index.php?rest_route=\/wp\/v2\/types\/product"}],"wp:featuredmedia":[{"embeddable":true,"href":"https:\/\/sternenspiel.de\/index.php?rest_route=\/wp\/v2\/media\/191"}],"wp:attachment":[{"href":"https:\/\/sternenspiel.de\/index.php?rest_route=%2Fwp%2Fv2%2Fmedia&parent=251"}],"wp:term":[{"taxonomy":"product_cat","embeddable":true,"href":"https:\/\/sternenspiel.de\/index.php?rest_route=%2Fwp%2Fv2%2Fproduct_cat&post=251"},{"taxonomy":"product_tag","embeddable":true,"href":"https:\/\/sternenspiel.de\/index.php?rest_route=%2Fwp%2Fv2%2Fproduct_tag&post=251"}],"curies":[{"name":"wp","href":"https:\/\/api.w.org\/{rel}","templated":true}]}}