{"id":250,"date":"2017-12-02T18:36:32","date_gmt":"2017-12-02T17:36:32","guid":{"rendered":"http:\/\/sternenspiel.de\/?post_type=product&#038;p=250"},"modified":"2025-12-23T17:09:19","modified_gmt":"2025-12-23T16:09:19","slug":"elfe-mit-doppelfluegeln","status":"publish","type":"product","link":"https:\/\/sternenspiel.de\/?product=elfe-mit-doppelfluegeln","title":{"rendered":"Blumenfee blau"},"content":{"rendered":"<p>handgefertigt, aus M\u00e4rchenwolle (100% Schafwolle), Arme biegsam (Draht innenliegend\/Pfeifenputzer)<\/p>\n<p><em>Die Figur wird in reiner Handarbeit gefertigt. Deshalb ist jede Figur ein Unikat und kann leichte Abweichungen vom aufgef\u00fchrten Bild haben.<\/em><\/p>\n","protected":false},"excerpt":{"rendered":"<p>Blumenfee, blau mit rosa Bl\u00fcten, helle Haare, Doppelfl\u00fcgel, L\u00e4nge ca. 16cm, h\u00e4ngend<\/p>\n","protected":false},"featured_media":196,"template":"","meta":[],"product_cat":[41,30,29,36,32],"product_tag":[],"aioseo_notices":[],"_links":{"self":[{"href":"https:\/\/sternenspiel.de\/index.php?rest_route=\/wp\/v2\/product\/250"}],"collection":[{"href":"https:\/\/sternenspiel.de\/index.php?rest_route=\/wp\/v2\/product"}],"about":[{"href":"https:\/\/sternenspiel.de\/index.php?rest_route=\/wp\/v2\/types\/product"}],"wp:featuredmedia":[{"embeddable":true,"href":"https:\/\/sternenspiel.de\/index.php?rest_route=\/wp\/v2\/media\/196"}],"wp:attachment":[{"href":"https:\/\/sternenspiel.de\/index.php?rest_route=%2Fwp%2Fv2%2Fmedia&parent=250"}],"wp:term":[{"taxonomy":"product_cat","embeddable":true,"href":"https:\/\/sternenspiel.de\/index.php?rest_route=%2Fwp%2Fv2%2Fproduct_cat&post=250"},{"taxonomy":"product_tag","embeddable":true,"href":"https:\/\/sternenspiel.de\/index.php?rest_route=%2Fwp%2Fv2%2Fproduct_tag&post=250"}],"curies":[{"name":"wp","href":"https:\/\/api.w.org\/{rel}","templated":true}]}}