{"id":248,"date":"2017-12-02T17:52:14","date_gmt":"2017-12-02T16:52:14","guid":{"rendered":"http:\/\/sternenspiel.de\/?post_type=product&#038;p=248"},"modified":"2025-12-23T17:09:57","modified_gmt":"2025-12-23T16:09:57","slug":"blumenfee-mit-kind","status":"publish","type":"product","link":"https:\/\/sternenspiel.de\/?product=blumenfee-mit-kind","title":{"rendered":"Rosenm\u00fctterchen mit Kind"},"content":{"rendered":"<p>handgefertigt, aus M\u00e4rchenwolle (100% Schafwolle), Arme von Mutter und Kind biegsam (Draht innenliegend\/Pfeifenputzer)<\/p>\n<p><em>Die Figur wird in reiner Handarbeit gefertigt. Deshalb ist jede Figur ein Unikat und kann leichte Abweichungen vom aufgef\u00fchrten Bild haben.<\/em><\/p>\n","protected":false},"excerpt":{"rendered":"<p>Rosenm\u00fctterchen mit Baby im Arm, rot-wei\u00df, mit roten Bl\u00fcten, dunkle Haare, L\u00e4nge ca. 19cm, h\u00e4ngend<\/p>\n","protected":false},"featured_media":206,"template":"","meta":[],"product_cat":[30,36,32,25,19,44,37],"product_tag":[],"aioseo_notices":[],"_links":{"self":[{"href":"https:\/\/sternenspiel.de\/index.php?rest_route=\/wp\/v2\/product\/248"}],"collection":[{"href":"https:\/\/sternenspiel.de\/index.php?rest_route=\/wp\/v2\/product"}],"about":[{"href":"https:\/\/sternenspiel.de\/index.php?rest_route=\/wp\/v2\/types\/product"}],"wp:featuredmedia":[{"embeddable":true,"href":"https:\/\/sternenspiel.de\/index.php?rest_route=\/wp\/v2\/media\/206"}],"wp:attachment":[{"href":"https:\/\/sternenspiel.de\/index.php?rest_route=%2Fwp%2Fv2%2Fmedia&parent=248"}],"wp:term":[{"taxonomy":"product_cat","embeddable":true,"href":"https:\/\/sternenspiel.de\/index.php?rest_route=%2Fwp%2Fv2%2Fproduct_cat&post=248"},{"taxonomy":"product_tag","embeddable":true,"href":"https:\/\/sternenspiel.de\/index.php?rest_route=%2Fwp%2Fv2%2Fproduct_tag&post=248"}],"curies":[{"name":"wp","href":"https:\/\/api.w.org\/{rel}","templated":true}]}}