{"id":149,"date":"2017-12-01T18:51:23","date_gmt":"2017-12-01T17:51:23","guid":{"rendered":"http:\/\/sternenspiel.de\/shop\/?post_type=product&#038;p=149"},"modified":"2025-12-23T17:10:11","modified_gmt":"2025-12-23T16:10:11","slug":"winterfee-mit-feder","status":"publish","type":"product","link":"https:\/\/sternenspiel.de\/?product=winterfee-mit-feder","title":{"rendered":"Winterkind mit Feder"},"content":{"rendered":"<p>handgefertigt, aus M\u00e4rchenwolle (100% Schafwolle), Arme und Beine biegsam (Draht innenliegend\/Pfeifenputzer), Schneeflocken aus Kunststoff. Kann durch Entfernen des Aufh\u00e4ngefadens und entsprechendem biegen der Beine auch hingesetzt werden (z.B. auf eine Wurzel)<\/p>\n<p><em>Die Figur wird in reiner Handarbeit gefertigt. Deshalb ist jede Figur ein Unikat und kann leichte Abweichungen vom aufgef\u00fchrten Bild haben.<\/em><\/p>\n","protected":false},"excerpt":{"rendered":"<p>Winterkind mit echter Feder, wei\u00df-blau, mit Schneeflocken, L\u00e4nge ca. 12cm, h\u00e4ngend oder sitzend<\/p>\n","protected":false},"featured_media":203,"template":"","meta":[],"product_cat":[41,32,25,39,22],"product_tag":[],"aioseo_notices":[],"_links":{"self":[{"href":"https:\/\/sternenspiel.de\/index.php?rest_route=\/wp\/v2\/product\/149"}],"collection":[{"href":"https:\/\/sternenspiel.de\/index.php?rest_route=\/wp\/v2\/product"}],"about":[{"href":"https:\/\/sternenspiel.de\/index.php?rest_route=\/wp\/v2\/types\/product"}],"wp:featuredmedia":[{"embeddable":true,"href":"https:\/\/sternenspiel.de\/index.php?rest_route=\/wp\/v2\/media\/203"}],"wp:attachment":[{"href":"https:\/\/sternenspiel.de\/index.php?rest_route=%2Fwp%2Fv2%2Fmedia&parent=149"}],"wp:term":[{"taxonomy":"product_cat","embeddable":true,"href":"https:\/\/sternenspiel.de\/index.php?rest_route=%2Fwp%2Fv2%2Fproduct_cat&post=149"},{"taxonomy":"product_tag","embeddable":true,"href":"https:\/\/sternenspiel.de\/index.php?rest_route=%2Fwp%2Fv2%2Fproduct_tag&post=149"}],"curies":[{"name":"wp","href":"https:\/\/api.w.org\/{rel}","templated":true}]}}