{"id":129,"date":"2017-12-01T15:44:52","date_gmt":"2017-12-01T14:44:52","guid":{"rendered":"http:\/\/sternenspiel.de\/shop\/?post_type=product&#038;p=129"},"modified":"2025-12-23T17:10:57","modified_gmt":"2025-12-23T16:10:57","slug":"erdbeer-gartenfee","status":"publish","type":"product","link":"https:\/\/sternenspiel.de\/?product=erdbeer-gartenfee","title":{"rendered":"Wiesenelfe mit Erdbeere"},"content":{"rendered":"<p>handgefertigt, aus M\u00e4rchenwolle (100% Schafwolle), Arme biegsam (Draht innenliegend\/Pfeifenputzer), Erdbeere handgefilzt, bestickt mit Baumwollgarn<\/p>\n<p><em>Die Figur wird in reiner Handarbeit gefertigt. Deshalb ist jede Figur ein Unikat und kann leichte Abweichungen vom aufgef\u00fchrten Bild haben.<\/em><\/p>\n","protected":false},"excerpt":{"rendered":"<p>Wiesenelfe mit Erdbeere in den H\u00e4nden, L\u00e4nge ca.19cm, h\u00e4ngend<\/p>\n","protected":false},"featured_media":194,"template":"","meta":[],"product_cat":[31,21,29,36,18,32,19],"product_tag":[],"aioseo_notices":[],"_links":{"self":[{"href":"https:\/\/sternenspiel.de\/index.php?rest_route=\/wp\/v2\/product\/129"}],"collection":[{"href":"https:\/\/sternenspiel.de\/index.php?rest_route=\/wp\/v2\/product"}],"about":[{"href":"https:\/\/sternenspiel.de\/index.php?rest_route=\/wp\/v2\/types\/product"}],"wp:featuredmedia":[{"embeddable":true,"href":"https:\/\/sternenspiel.de\/index.php?rest_route=\/wp\/v2\/media\/194"}],"wp:attachment":[{"href":"https:\/\/sternenspiel.de\/index.php?rest_route=%2Fwp%2Fv2%2Fmedia&parent=129"}],"wp:term":[{"taxonomy":"product_cat","embeddable":true,"href":"https:\/\/sternenspiel.de\/index.php?rest_route=%2Fwp%2Fv2%2Fproduct_cat&post=129"},{"taxonomy":"product_tag","embeddable":true,"href":"https:\/\/sternenspiel.de\/index.php?rest_route=%2Fwp%2Fv2%2Fproduct_tag&post=129"}],"curies":[{"name":"wp","href":"https:\/\/api.w.org\/{rel}","templated":true}]}}