{"id":127,"date":"2017-12-01T15:43:08","date_gmt":"2017-12-01T14:43:08","guid":{"rendered":"http:\/\/sternenspiel.de\/shop\/?post_type=product&#038;p=127"},"modified":"2025-12-23T17:11:08","modified_gmt":"2025-12-23T16:11:08","slug":"hexe","status":"publish","type":"product","link":"https:\/\/sternenspiel.de\/?product=hexe","title":{"rendered":"Wasserhexe"},"content":{"rendered":"<p>handgefertigt, aus M\u00e4rchenwolle (100% Schafwolle), Arme und Beine biegsam (Draht innenliegend\/Pfeifenputzer), Besen aus echten Zweigen, ebenfalls handgefertigt<\/p>\n<p><em>Die Figur wird in reiner Handarbeit gefertigt. Deshalb ist jede Figur ein Unikat und kann leichte Abweichungen vom aufgef\u00fchrten Bild haben.<\/em><\/p>\n","protected":false},"excerpt":{"rendered":"<p>Wasserhexe auf Hexenbesen, fliegend, verschiedene Blaut\u00f6ne, Locken, L\u00e4nge incl. Besen ca. 17cm, h\u00e4ngend<\/p>\n","protected":false},"featured_media":184,"template":"","meta":[],"product_cat":[41,32,38,20,27],"product_tag":[],"aioseo_notices":[],"_links":{"self":[{"href":"https:\/\/sternenspiel.de\/index.php?rest_route=\/wp\/v2\/product\/127"}],"collection":[{"href":"https:\/\/sternenspiel.de\/index.php?rest_route=\/wp\/v2\/product"}],"about":[{"href":"https:\/\/sternenspiel.de\/index.php?rest_route=\/wp\/v2\/types\/product"}],"wp:featuredmedia":[{"embeddable":true,"href":"https:\/\/sternenspiel.de\/index.php?rest_route=\/wp\/v2\/media\/184"}],"wp:attachment":[{"href":"https:\/\/sternenspiel.de\/index.php?rest_route=%2Fwp%2Fv2%2Fmedia&parent=127"}],"wp:term":[{"taxonomy":"product_cat","embeddable":true,"href":"https:\/\/sternenspiel.de\/index.php?rest_route=%2Fwp%2Fv2%2Fproduct_cat&post=127"},{"taxonomy":"product_tag","embeddable":true,"href":"https:\/\/sternenspiel.de\/index.php?rest_route=%2Fwp%2Fv2%2Fproduct_tag&post=127"}],"curies":[{"name":"wp","href":"https:\/\/api.w.org\/{rel}","templated":true}]}}