{"id":124,"date":"2017-12-01T15:38:27","date_gmt":"2017-12-01T14:38:27","guid":{"rendered":"http:\/\/sternenspiel.de\/shop\/?post_type=product&#038;p=124"},"modified":"2025-12-23T17:12:20","modified_gmt":"2025-12-23T16:12:20","slug":"engel-mit-goldknoepfen","status":"publish","type":"product","link":"https:\/\/sternenspiel.de\/?product=engel-mit-goldknoepfen","title":{"rendered":"Sternenkind mit Goldperlen"},"content":{"rendered":"<p>handgefertigt, aus M\u00e4rchenwolle (100% Schafwolle), Arme biegsam (Draht innenliegend\/Pfeifenputzer), Goldperlen aus Kunststoff, Stern aus Bastelfilz, Brustkreuz und Stirnband aus d\u00fcnnem Goldband<\/p>\n<p><em>Die Figur wird in reiner Handarbeit gefertigt. Deshalb ist jede Figur ein Unikat und kann leichte Abweichungen vom aufgef\u00fchrten Bild haben.<\/em><\/p>\n","protected":false},"excerpt":{"rendered":"<p>Sternenkind mit Goldperlen, wei\u00dfer Stern auf dem Kopf, L\u00e4nge ca. 16cm, h\u00e4ngend<\/p>\n","protected":false},"featured_media":185,"template":"","meta":[],"product_cat":[17,32,24,35,22],"product_tag":[],"aioseo_notices":[],"_links":{"self":[{"href":"https:\/\/sternenspiel.de\/index.php?rest_route=\/wp\/v2\/product\/124"}],"collection":[{"href":"https:\/\/sternenspiel.de\/index.php?rest_route=\/wp\/v2\/product"}],"about":[{"href":"https:\/\/sternenspiel.de\/index.php?rest_route=\/wp\/v2\/types\/product"}],"wp:featuredmedia":[{"embeddable":true,"href":"https:\/\/sternenspiel.de\/index.php?rest_route=\/wp\/v2\/media\/185"}],"wp:attachment":[{"href":"https:\/\/sternenspiel.de\/index.php?rest_route=%2Fwp%2Fv2%2Fmedia&parent=124"}],"wp:term":[{"taxonomy":"product_cat","embeddable":true,"href":"https:\/\/sternenspiel.de\/index.php?rest_route=%2Fwp%2Fv2%2Fproduct_cat&post=124"},{"taxonomy":"product_tag","embeddable":true,"href":"https:\/\/sternenspiel.de\/index.php?rest_route=%2Fwp%2Fv2%2Fproduct_tag&post=124"}],"curies":[{"name":"wp","href":"https:\/\/api.w.org\/{rel}","templated":true}]}}