{"id":123,"date":"2017-12-01T15:37:59","date_gmt":"2017-12-01T14:37:59","guid":{"rendered":"http:\/\/sternenspiel.de\/shop\/?post_type=product&#038;p=123"},"modified":"2025-12-23T17:11:56","modified_gmt":"2025-12-23T16:11:56","slug":"engel-mit-doppel-fluegeln","status":"publish","type":"product","link":"https:\/\/sternenspiel.de\/?product=engel-mit-doppel-fluegeln","title":{"rendered":"Engel mit Doppel-Fl\u00fcgeln"},"content":{"rendered":"<p>handgefertigt, aus M\u00e4rchenwolle (100% Schafwolle), Arme biegsam (Draht innenliegend\/Pfeifenputzer), Brustkreuz und Stirnband aus d\u00fcnnem Goldband<\/p>\n<p><em>Die Figur wird in reiner Handarbeit gefertigt. Deshalb ist jede Figur ein Unikat und kann leichte Abweichungen vom aufgef\u00fchrten Bild haben.<\/em><\/p>\n","protected":false},"excerpt":{"rendered":"<p>Engel mit Doppelfl\u00fcgeln, goldenes Stirnband und Brustkreuz, L\u00e4nge ca. 16 cm, h\u00e4ngend<\/p>\n","protected":false},"featured_media":200,"template":"","meta":[],"product_cat":[17,32,35,22],"product_tag":[],"aioseo_notices":[],"_links":{"self":[{"href":"https:\/\/sternenspiel.de\/index.php?rest_route=\/wp\/v2\/product\/123"}],"collection":[{"href":"https:\/\/sternenspiel.de\/index.php?rest_route=\/wp\/v2\/product"}],"about":[{"href":"https:\/\/sternenspiel.de\/index.php?rest_route=\/wp\/v2\/types\/product"}],"wp:featuredmedia":[{"embeddable":true,"href":"https:\/\/sternenspiel.de\/index.php?rest_route=\/wp\/v2\/media\/200"}],"wp:attachment":[{"href":"https:\/\/sternenspiel.de\/index.php?rest_route=%2Fwp%2Fv2%2Fmedia&parent=123"}],"wp:term":[{"taxonomy":"product_cat","embeddable":true,"href":"https:\/\/sternenspiel.de\/index.php?rest_route=%2Fwp%2Fv2%2Fproduct_cat&post=123"},{"taxonomy":"product_tag","embeddable":true,"href":"https:\/\/sternenspiel.de\/index.php?rest_route=%2Fwp%2Fv2%2Fproduct_tag&post=123"}],"curies":[{"name":"wp","href":"https:\/\/api.w.org\/{rel}","templated":true}]}}