{"id":227,"date":"2017-12-02T13:53:37","date_gmt":"2017-12-02T12:53:37","guid":{"rendered":"http:\/\/sternenspiel.de\/?page_id=227"},"modified":"2022-12-02T13:06:10","modified_gmt":"2022-12-02T12:06:10","slug":"impressum","status":"publish","type":"page","link":"https:\/\/sternenspiel.de\/?page_id=227","title":{"rendered":"Impressum"},"content":{"rendered":"<p>Sternenspiel, Anne Zastrow<\/p>\n<div id=\"text\" class=\"tab-pane active\" role=\"tabpanel\">\n<p>Inhaber: Anne Zastrow<\/p>\n<p>Birkenstr. 7<br \/>\n76327 Pfinztal<br \/>\nDeutschland<\/p>\n<p>Telefon: 0721 &#8211; 9665603<\/p>\n<p>E-Mail: <img decoding=\"async\" loading=\"lazy\" class=\"alignnone wp-image-592 size-full\" src=\"https:\/\/sternenspiel.de\/wp-content\/uploads\/2022\/12\/mail.png\" alt=\"\" width=\"152\" height=\"23\" srcset=\"https:\/\/sternenspiel.de\/wp-content\/uploads\/2022\/12\/mail.png 152w, https:\/\/sternenspiel.de\/wp-content\/uploads\/2022\/12\/mail-150x23.png 150w\" sizes=\"(max-width: 152px) 100vw, 152px\" \/><\/p>\n<p>Umsatzsteuer-Identifikationsnummer:<\/p>\n<p>Die Europ\u00e4ische Kommission stellt eine Plattform zur Online-Streitbeilegung (OS) bereit, die Sie hier finden <a href=\"http:\/\/ec.europa.eu\/consumers\/odr\/\" target=\"_blank\" rel=\"noopener\">http:\/\/ec.europa.eu\/consumers\/odr\/<\/a>. Verbraucher haben die M\u00f6glichkeit, diese Plattform f\u00fcr die Beilegung ihrer Streitigkeiten zu nutzen.\u00a0 Zur Beilegung von Streitigkeiten aus einem Vertragsverh\u00e4ltnis mit einem Verbraucher bzw. dar\u00fcber, ob ein solches Vertragsverh\u00e4ltnis \u00fcberhaupt besteht, sind wir zur Teilnahme an Streitbeilegungsverfahren vor einer Verbraucherschlichtungsstelle verpflichtet. Zust\u00e4ndig ist die Allgemeine Verbraucherschlichtungsstelle des Zentrums f\u00fcr Schlichtung e.V., Stra\u00dfburger Stra\u00dfe 8, 77694 Kehl am Rhein, <a href=\"http:\/\/www.verbraucher-schlichter.de\/\" target=\"_blank\" rel=\"noopener\">www.verbraucher-schlichter.de<\/a>. An einem Streitbeilegungsverfahren vor dieser Stelle werden wir teilnehmen.<\/p>\n<\/div>\n<p><strong>Bankverbindung:<\/strong><br \/>\n<strong>Institut:<\/strong> ING DiBa<\/p>\n<p><strong>IBAN: <\/strong>DE98\u00a05001\u00a00517\u00a05424\u00a02093\u00a031<br \/>\n<strong>BIC (Swift-Code):<\/strong> INGDDEFFXXX<\/p>\n<p><strong>Hinweis<\/strong><br \/>\nDie Inhalte dieser Website werden von verschiedensten Mitarbeitern sorgf\u00e4ltig recherchiert und zusammengestellt. Dennoch k\u00f6nnen Fehler und Irrt\u00fcmer nicht ausgeschlossen werden.<\/p>\n<p>Sollten Ihnen irgendwelche Fehler oder M\u00e4ngel an unseren Seiten auffallen, bitten wir Sie diese Sternenspiel zeitnah mitzuteilen. Auch Kritik und Verbesserungsvorschl\u00e4ge sind uns jederzeit willkommen.<\/p>\n<p><strong>Rechte Dritter, Homepagezugeh\u00f6rigkeit<\/strong><br \/>\nSollten wir mit den Inhalten dieser Homepage gegen Rechte Dritter versto\u00dfen, so teilen Sie uns dieses bitte umgehend per E-Mail mit. Email an: info@sternenspiel.de<\/p>\n<p>Damit sollte Ihnen ausreichend Gelegenheit gegeben sein, uns auch ohne rechtsanwaltliche Hilfe Ihre Bedenken mitzuteilen. Dies gilt insbesondere f\u00fcr die verantwortlichen Personen, die &#8222;Massen-Abmahnungen&#8220; verschicken. Dies ist hier nicht notwendig, da wir jederzeit und ohne Widerstand bereit sind, Ihre berechtigt beanstandeten Interessen zu wahren.<\/p>\n<p><strong>Haftungsausschluss<\/strong><br \/>\nDie bereitgestellten Informationen auf dieser Website wurden sorgf\u00e4ltig gepr\u00fcft und werden regelm\u00e4\u00dfig aktualisiert. Es kann jedoch keine Haftung oder Garantie daf\u00fcr \u00fcbernommen werden, dass alle Angaben zu jeder Zeit vollst\u00e4ndig, richtig und in letzter Aktualit\u00e4t dargestellt sind. Dies gilt insbesondere f\u00fcr alle Links zu anderen Websites, auf die direkt oder indirekt verwiesen wird. Alle Angaben k\u00f6nnen ohne vorherige Ank\u00fcndigung ge\u00e4ndert, entfernt oder erg\u00e4nzt werden.<\/p>\n<p><strong>Urheber- und Kennzeichenrecht<\/strong><br \/>\nDer Autor ist bestrebt, in allen Publikationen die Urheberrechte der verwendeten Bilder, Grafiken, Tondokumente, Videosequenzen und Texte zu beachten, von ihm selbst erstellte Bilder, Grafiken, Tondokumente, Videosequenzen und Texte zu nutzen oder auf lizenzfreie Grafiken, Tondokumente, Videosequenzen und Texte zur\u00fcckzugreifen. Alle innerhalb des Internetangebotes genannten und ggf. durch Dritte gesch\u00fctzten Marken- und Warenzeichen unterliegen uneingeschr\u00e4nkt den Bestimmungen des jeweils g\u00fcltigen Kennzeichenrechts und den Besitzrechten der jeweiligen eingetragenen Eigent\u00fcmer. Allein aufgrund der blo\u00dfen Nennung ist nicht der Schluss zu ziehen, dass Markenzeichen nicht durch Rechte Dritter gesch\u00fctzt sind! Das Copyright f\u00fcr ver\u00f6ffentlichte, vom Autor selbst erstellte Objekte bleibt allein beim Autor der Seiten. Eine Vervielf\u00e4ltigung oder Verwendung solcher Grafiken, Tondokumente, Videosequenzen und Texte in anderen elektronischen oder gedruckten Publikationen ist ohne ausdr\u00fcckliche Zustimmung des Autors nicht gestattet.<\/p>\n<p><strong>Haftungshinweis:<\/strong> Trotz sorgf\u00e4ltiger inhaltlicher Kontrolle \u00fcbernehmen wir keine Haftung f\u00fcr die Inhalte externer Links. F\u00fcr den Inhalt der verlinkten Seiten sind ausschlie\u00dflich deren Betreiber verantwortlich.<\/p>\n<p>Irrt\u00fcmer und Preis\u00e4nderungen insbesondere bei Neuauflagen und Importartikeln sind ausdr\u00fccklich vorbehalten.<\/p>\n<p><strong>Versand<\/strong><br \/>\nDer Versand erfolgt nur zu unseren Lieferbedingungen.<\/p>\n","protected":false},"excerpt":{"rendered":"<p>Sternenspiel, Anne Zastrow Inhaber: Anne Zastrow Birkenstr. 7 76327 Pfinztal Deutschland Telefon: 0721 &#8211; 9665603 E-Mail: Umsatzsteuer-Identifikationsnummer: Die Europ\u00e4ische Kommission stellt eine Plattform zur Online-Streitbeilegung (OS) bereit, die Sie hier finden http:\/\/ec.europa.eu\/consumers\/odr\/. Verbraucher haben die M\u00f6glichkeit, diese Plattform f\u00fcr die Beilegung ihrer Streitigkeiten zu nutzen.\u00a0 Zur Beilegung von Streitigkeiten aus einem Vertragsverh\u00e4ltnis mit einem Verbraucher&hellip; <\/p>\n","protected":false},"author":1,"featured_media":0,"parent":0,"menu_order":0,"comment_status":"closed","ping_status":"closed","template":"","meta":[],"aioseo_notices":[],"_links":{"self":[{"href":"https:\/\/sternenspiel.de\/index.php?rest_route=\/wp\/v2\/pages\/227"}],"collection":[{"href":"https:\/\/sternenspiel.de\/index.php?rest_route=\/wp\/v2\/pages"}],"about":[{"href":"https:\/\/sternenspiel.de\/index.php?rest_route=\/wp\/v2\/types\/page"}],"author":[{"embeddable":true,"href":"https:\/\/sternenspiel.de\/index.php?rest_route=\/wp\/v2\/users\/1"}],"replies":[{"embeddable":true,"href":"https:\/\/sternenspiel.de\/index.php?rest_route=%2Fwp%2Fv2%2Fcomments&post=227"}],"version-history":[{"count":4,"href":"https:\/\/sternenspiel.de\/index.php?rest_route=\/wp\/v2\/pages\/227\/revisions"}],"predecessor-version":[{"id":594,"href":"https:\/\/sternenspiel.de\/index.php?rest_route=\/wp\/v2\/pages\/227\/revisions\/594"}],"wp:attachment":[{"href":"https:\/\/sternenspiel.de\/index.php?rest_route=%2Fwp%2Fv2%2Fmedia&parent=227"}],"curies":[{"name":"wp","href":"https:\/\/api.w.org\/{rel}","templated":true}]}}