{"id":16,"date":"2017-11-30T16:20:39","date_gmt":"2017-11-30T15:20:39","guid":{"rendered":"http:\/\/sternenspiel.de\/shop\/?page_id=16"},"modified":"2018-03-28T16:42:35","modified_gmt":"2018-03-28T14:42:35","slug":"startseite","status":"publish","type":"page","link":"https:\/\/sternenspiel.de\/","title":{"rendered":"Willkommen auf Sternenspiel.de<br\/>Elfen, Feen, Nymphen aus M\u00e4rchenwolle"},"content":{"rendered":"<p><img decoding=\"async\" loading=\"lazy\" class=\"alignright wp-image-140 size-full\" src=\"https:\/\/sternenspiel.de\/wp-content\/uploads\/2017\/12\/intro.png\" alt=\"\" width=\"200\" height=\"267\" srcset=\"https:\/\/sternenspiel.de\/wp-content\/uploads\/2017\/12\/intro.png 200w, https:\/\/sternenspiel.de\/wp-content\/uploads\/2017\/12\/intro-112x150.png 112w, https:\/\/sternenspiel.de\/wp-content\/uploads\/2017\/12\/intro-74x99.png 74w\" sizes=\"(max-width: 200px) 100vw, 200px\" \/>Sch\u00f6n, dass du den Weg auf meine Webseite gefunden hast und dass Dich meine Arbeiten interessieren. Der Shop ist nun online.<\/p>\n<p>Du findest hier Feen, Elfen, Zwerge, Engel und sonstige Figuren aus M\u00e4rchenwolle (Filzwolle). Viel Spa\u00df beim St\u00f6bern.<\/p>\n<p>Bei Fragen kannst du mich gerne kontaktieren.<\/p>\n<p>Anne Zastrow<\/p>\n<p>&nbsp;<\/p>\n","protected":false},"excerpt":{"rendered":"<p>Sch\u00f6n, dass du den Weg auf meine Webseite gefunden hast und dass Dich meine Arbeiten interessieren. Der Shop ist nun online. Du findest hier Feen, Elfen, Zwerge, Engel und sonstige Figuren aus M\u00e4rchenwolle (Filzwolle). Viel Spa\u00df beim St\u00f6bern. Bei Fragen kannst du mich gerne kontaktieren. Anne Zastrow &nbsp;<\/p>\n","protected":false},"author":1,"featured_media":0,"parent":0,"menu_order":0,"comment_status":"closed","ping_status":"closed","template":"","meta":[],"aioseo_notices":[],"_links":{"self":[{"href":"https:\/\/sternenspiel.de\/index.php?rest_route=\/wp\/v2\/pages\/16"}],"collection":[{"href":"https:\/\/sternenspiel.de\/index.php?rest_route=\/wp\/v2\/pages"}],"about":[{"href":"https:\/\/sternenspiel.de\/index.php?rest_route=\/wp\/v2\/types\/page"}],"author":[{"embeddable":true,"href":"https:\/\/sternenspiel.de\/index.php?rest_route=\/wp\/v2\/users\/1"}],"replies":[{"embeddable":true,"href":"https:\/\/sternenspiel.de\/index.php?rest_route=%2Fwp%2Fv2%2Fcomments&post=16"}],"version-history":[{"count":18,"href":"https:\/\/sternenspiel.de\/index.php?rest_route=\/wp\/v2\/pages\/16\/revisions"}],"predecessor-version":[{"id":436,"href":"https:\/\/sternenspiel.de\/index.php?rest_route=\/wp\/v2\/pages\/16\/revisions\/436"}],"wp:attachment":[{"href":"https:\/\/sternenspiel.de\/index.php?rest_route=%2Fwp%2Fv2%2Fmedia&parent=16"}],"curies":[{"name":"wp","href":"https:\/\/api.w.org\/{rel}","templated":true}]}}